{"id":26,"date":"2025-09-23T20:16:08","date_gmt":"2025-09-23T20:16:08","guid":{"rendered":"https:\/\/paradigm.ly\/tr\/?page_id=26"},"modified":"2025-09-30T19:52:01","modified_gmt":"2025-09-30T19:52:01","slug":"contact-us","status":"publish","type":"page","link":"https:\/\/paradigm.ly\/tr\/contact-us\/","title":{"rendered":"\u0130leti\u015fim"},"content":{"rendered":"<div>\u0130leti\u015fime Ge\u00e7in<\/div>\n<h1>Bize Ula\u015f\u0131n<br \/>\n<\/h1>\n<div>Reklam uzmanlar\u0131m\u0131zla telefon, WhatsApp veya sosyal medya \u00fczerinden ileti\u015fime ge\u00e7in.<\/div>\n<ul>\n<li>\n<h2>Konum<\/h2>\n<div>Al-Istiklal Caddesi<br \/>\n<br \/>\nTrablus \u2013 Libya<\/div>\n<\/li>\n<li>\n<h2>Telefon<\/h2>\n<div><a class=\"uk-link-text\" href=\"tel:+218915639890\">+218 91 563 98 90<\/a> <\/div>\n<\/li>\n<li>\n<h2>E-posta<\/h2>\n<div><a class=\"uk-link-text\" href=\"mailto:info@paradigm.ly\">info@paradigm.ly<\/a><\/div>\n<\/li>\n<\/ul>\n<div>\n<h3>Sosyal Medyada Bizi Takip Edin<\/h3>\n<div>Facebook ve Instagram sayfalar\u0131m\u0131z\u0131 ziyaret ederek en yeni projelerimiz ve g\u00fcncellemelerimizden haberdar olun.<\/p>\n<p>Ekibimizle do\u011frudan ileti\u015fime ge\u00e7in ve markalar\u0131 nas\u0131l hayata ge\u00e7irdi\u011fimizi ke\u015ffedin.<\/p><\/div>\n<\/div>\n<ul>\n<li><a href=\"https:\/\/www.instagram.com\/paradigm.led\" target=\"_blank\" rel=\"noopener noreferrer nofollow\">instagram<\/a>\n<\/li>\n<li><a href=\"https:\/\/api.whatsapp.com\/send\/?phone=00218915639880&#038;text&#038;type=phone_number&#038;app_absent=0\" target=\"_blank\" rel=\"noopener noreferrer nofollow\">whatsapp<\/a>\n<\/li>\n<li><a href=\"https:\/\/www.facebook.com\/Paradigm.led.screen\/\" target=\"_blank\" rel=\"noopener noreferrer nofollow\">facebook<\/a>\n<\/li>\n<li><a href=\"https:\/\/linktr.ee\/qr\/9aced500-0a5a-4374-9b03-117161761288?utm_source=qr_code\" target=\"_blank\" rel=\"noopener noreferrer nofollow\">social<\/a>\n<\/li>\n<\/ul>\n<div>\n<p>32.8908,13.1831<\/p>\n<div>Paradigm Co.<\/div>\n<\/div>\n<p><!--more--><br \/>\n<!-- {\"type\":\"layout\",\"children\":[{\"type\":\"section\",\"props\":{\"image_position\":\"center-center\",\"style\":\"default\",\"title_breakpoint\":\"xl\",\"title_position\":\"top-left\",\"title_rotation\":\"left\",\"vertical_align\":\"\",\"width\":\"default\"},\"children\":[{\"type\":\"row\",\"children\":[{\"type\":\"column\",\"props\":{\"image_position\":\"center-center\",\"position_sticky_breakpoint\":\"m\"},\"children\":[{\"type\":\"headline\",\"props\":{\"content\":\"\\u0130leti\\u015fime Ge\\u00e7in\",\"text_align\":\"center\",\"title_color\":\"primary\",\"title_element\":\"div\",\"title_style\":\"h6\"}},{\"type\":\"headline\",\"props\":{\"content\":\"Bize Ula\\u015f\\u0131n\\n\",\"margin\":\"remove-vertical\",\"text_align\":\"center\",\"title_element\":\"h1\"}},{\"type\":\"text\",\"props\":{\"block_align\":\"center\",\"column_breakpoint\":\"m\",\"content\":\"Reklam uzmanlar\\u0131m\\u0131zla telefon, WhatsApp veya sosyal medya \\u00fczerinden ileti\\u015fime ge\\u00e7in.\",\"margin\":\"default\",\"maxwidth\":\"xlarge\",\"text_align\":\"center\",\"text_style\":\"large\"}},{\"type\":\"grid\",\"props\":{\"block_align\":\"center\",\"content_column_breakpoint\":\"m\",\"filter_align\":\"left\",\"filter_all\":true,\"filter_grid_breakpoint\":\"m\",\"filter_grid_width\":\"auto\",\"filter_position\":\"top\",\"filter_style\":\"tab\",\"grid_column_align\":true,\"grid_column_gap\":\"small\",\"grid_default\":\"1\",\"grid_divider\":true,\"grid_medium\":\"\",\"grid_row_align\":false,\"grid_row_gap\":\"small\",\"grid_small\":\"3\",\"icon_width\":\"50\",\"image_align\":\"top\",\"image_grid_breakpoint\":\"s\",\"image_grid_column_gap\":\"small\",\"image_grid_row_gap\":\"small\",\"image_grid_width\":\"auto\",\"image_loading\":true,\"image_svg_color\":\"secondary\",\"image_svg_inline\":true,\"item_animation\":true,\"lightbox_bg_close\":true,\"link_size\":\"small\",\"link_style\":\"default\",\"link_target\":true,\"link_text\":\"\",\"margin\":\"medium\",\"maxwidth\":\"2xlarge\",\"meta_align\":\"below-title\",\"meta_element\":\"div\",\"meta_style\":\"text-meta\",\"parallax_easing\":\"1\",\"show_content\":true,\"show_hover_image\":true,\"show_hover_video\":true,\"show_image\":true,\"show_link\":true,\"show_meta\":true,\"show_title\":true,\"show_video\":true,\"text_align\":\"center\",\"text_align_fallback\":\"center\",\"title_align\":\"top\",\"title_element\":\"h2\",\"title_grid_breakpoint\":\"m\",\"title_grid_width\":\"1-2\",\"title_hover_style\":\"reset\",\"title_style\":\"h3\"},\"children\":[{\"type\":\"grid_item\",\"props\":{\"content\":\"Al-Istiklal Caddesi\\n<br \/>\\nTrablus \\u2013 Libya\",\"icon\":\"location\",\"image\":\"\",\"title\":\"Konum\"}},{\"type\":\"grid_item\",\"props\":{\"content\":\"<a class=\\\"uk-link-text\\\" href=\\\"tel:+218915639890\\\">+218 91 563 98 90<\\\/a> \",\"icon\":\"receiver\",\"image\":\"\",\"title\":\"Telefon\"}},{\"type\":\"grid_item\",\"props\":{\"content\":\"<a class=\\\"uk-link-text\\\" href=\\\"mailto:info@paradigm.ly\\\">info@paradigm.ly<\\\/a>\",\"icon\":\"mail\",\"image\":\"\",\"title\":\"E-posta\"}}]}]}],\"props\":{\"column_gap\":\"collapse\",\"margin\":\"large\",\"margin_remove_top\":true,\"row_gap\":\"collapse\",\"width\":\"large\"}},{\"type\":\"row\",\"children\":[{\"type\":\"column\",\"props\":{\"image_position\":\"center-center\",\"position_sticky_breakpoint\":\"m\"},\"children\":[{\"type\":\"panel\",\"props\":{\"block_align\":\"center\",\"content\":\"Facebook ve Instagram sayfalar\\u0131m\\u0131z\\u0131 ziyaret ederek en yeni projelerimiz ve g\\u00fcncellemelerimizden haberdar olun.\\n\\nEkibimizle do\\u011frudan ileti\\u015fime ge\\u00e7in ve markalar\\u0131 nas\\u0131l hayata ge\\u00e7irdi\\u011fimizi ke\\u015ffedin.\",\"content_column_breakpoint\":\"m\",\"icon_width\":80,\"image_align\":\"top\",\"image_grid_breakpoint\":\"m\",\"image_grid_width\":\"1-2\",\"image_svg_color\":\"emphasis\",\"link_style\":\"default\",\"link_text\":\"Read more\",\"margin\":\"default\",\"maxwidth\":\"xlarge\",\"meta_align\":\"below-title\",\"meta_element\":\"div\",\"meta_style\":\"text-meta\",\"text_align\":\"center\",\"title\":\"Sosyal Medyada Bizi Takip Edin\",\"title_align\":\"top\",\"title_element\":\"h3\",\"title_grid_breakpoint\":\"m\",\"title_grid_width\":\"1-2\",\"title_hover_style\":\"reset\"}},{\"type\":\"social\",\"props\":{\"grid\":\"horizontal\",\"grid_column_gap\":\"small\",\"grid_row_gap\":\"small\",\"image_svg_inline\":true,\"link_style\":\"button\",\"link_target\":true,\"margin\":\"remove-vertical\",\"text_align\":\"center\"},\"children\":[{\"type\":\"social_item\",\"props\":{\"link\":\"https:\\\/\\\/www.instagram.com\\\/paradigm.led\"}},{\"type\":\"social_item\",\"props\":{\"link\":\"https:\\\/\\\/api.whatsapp.com\\\/send\\\/?phone=00218915639880&text&type=phone_number&app_absent=0\"}},{\"type\":\"social_item\",\"props\":{\"link\":\"https:\\\/\\\/www.facebook.com\\\/Paradigm.led.screen\\\/\"}},{\"type\":\"social_item\",\"props\":{\"image\":\"wp-content\\\/uploads\\\/2025\\\/09\\\/666b48ad59add9f2777bb76f_download-2.svg\",\"link\":\"https:\\\/\\\/linktr.ee\\\/qr\\\/9aced500-0a5a-4374-9b03-117161761288?utm_source=qr_code\"}}],\"name\":\"Social\"}]}]},{\"type\":\"row\",\"props\":{\"margin\":\"large\",\"margin_remove_top\":false,\"width\":\"large\"},\"children\":[{\"type\":\"column\",\"props\":{\"image_position\":\"center-center\",\"position_sticky_breakpoint\":\"m\"},\"children\":[{\"type\":\"map\",\"props\":{\"controls\":true,\"dragging\":true,\"height\":450,\"image_svg_color\":\"secondary\",\"image_svg_inline\":true,\"link_style\":\"default\",\"link_text\":\"Read more\",\"margin\":\"default\",\"marker_icon\":\"wp-content\\\/uploads\\\/icon-m-2-map-marker.svg\",\"marker_icon_height\":\"38\",\"marker_icon_width\":\"42\",\"max_zoom\":\"18\",\"meta_align\":\"below-title\",\"meta_element\":\"div\",\"meta_style\":\"text-meta\",\"min_zoom\":\"0\",\"poi\":false,\"show_content\":true,\"show_image\":true,\"show_link\":true,\"show_meta\":true,\"show_title\":true,\"styler_lightness\":\"40\",\"styler_saturation\":\"-100\",\"title_element\":\"h3\",\"title_hover_style\":\"reset\",\"type\":\"roadmap\",\"zoom\":\"16\",\"zooming\":true},\"children\":[{\"type\":\"map_item\",\"props\":{\"content\":\"Paradigm Co.\",\"location\":\"32.8908,13.1831\"}}]}]}]}],\"name\":\"Contact\"}],\"version\":\"4.5.28\"} --><\/p>\n","protected":false},"excerpt":{"rendered":"<p>\u0130leti\u015fime Ge\u00e7in Bize Ula\u015f\u0131n Reklam uzmanlar\u0131m\u0131zla telefon, WhatsApp veya sosyal medya \u00fczerinden ileti\u015fime ge\u00e7in. Konum Al-Istiklal Caddesi Trablus \u2013 Libya Telefon +218 91 563 98 90 E-posta info@paradigm.ly Sosyal Medyada Bizi Takip Edin Facebook ve Instagram sayfalar\u0131m\u0131z\u0131 ziyaret ederek en yeni projelerimiz ve g\u00fcncellemelerimizden haberdar olun. Ekibimizle do\u011frudan ileti\u015fime ge\u00e7in ve markalar\u0131 nas\u0131l hayata ge\u00e7irdi\u011fimizi [&hellip;]<\/p>\n","protected":false},"author":1,"featured_media":0,"parent":0,"menu_order":0,"comment_status":"closed","ping_status":"closed","template":"","meta":{"footnotes":""},"class_list":["post-26","page","type-page","status-publish","hentry"],"_links":{"self":[{"href":"https:\/\/paradigm.ly\/tr\/wp-json\/wp\/v2\/pages\/26","targetHints":{"allow":["GET"]}}],"collection":[{"href":"https:\/\/paradigm.ly\/tr\/wp-json\/wp\/v2\/pages"}],"about":[{"href":"https:\/\/paradigm.ly\/tr\/wp-json\/wp\/v2\/types\/page"}],"author":[{"embeddable":true,"href":"https:\/\/paradigm.ly\/tr\/wp-json\/wp\/v2\/users\/1"}],"replies":[{"embeddable":true,"href":"https:\/\/paradigm.ly\/tr\/wp-json\/wp\/v2\/comments?post=26"}],"version-history":[{"count":12,"href":"https:\/\/paradigm.ly\/tr\/wp-json\/wp\/v2\/pages\/26\/revisions"}],"predecessor-version":[{"id":355,"href":"https:\/\/paradigm.ly\/tr\/wp-json\/wp\/v2\/pages\/26\/revisions\/355"}],"wp:attachment":[{"href":"https:\/\/paradigm.ly\/tr\/wp-json\/wp\/v2\/media?parent=26"}],"curies":[{"name":"wp","href":"https:\/\/api.w.org\/{rel}","templated":true}]}}