{"id":25,"date":"2025-09-23T20:15:56","date_gmt":"2025-09-23T20:15:56","guid":{"rendered":"https:\/\/paradigm.ly\/tr\/?page_id=25"},"modified":"2025-09-30T19:50:51","modified_gmt":"2025-09-30T19:50:51","slug":"our-clients","status":"publish","type":"page","link":"https:\/\/paradigm.ly\/tr\/our-clients\/","title":{"rendered":"M\u00fc\u015fterilerimiz"},"content":{"rendered":"<h2>M\u00fc\u015fterilerimiz ve \u0130\u015f Ortaklar\u0131m\u0131z<\/h2>\n<div>Paradigm Solutions ile reklam ve pazarlama alan\u0131nda i\u015f birli\u011fi yapan markalar ve kurulu\u015flardan bir se\u00e7ki.<\/div>\n<div>\n<p>        <img decoding=\"async\" src=\"\/tr\/wp-content\/uploads\/2025\/09\/WhatsApp-Image-2025-09-27-at-21.56.31_1dd3bce2.jpg\" alt=\"\"><\/p>\n<h3>Stratejik \u0130\u015f Orta\u011f\u0131<\/h3>\n<\/div>\n<ul>\n<li>\n<p>        <img decoding=\"async\" src=\"\/tr\/wp-content\/uploads\/2025\/09\/logo_p3_5-640w.jpeg\" alt=\"\"><\/p>\n<h3>logo_p3_5-640w<\/h3>\n<\/li>\n<li>\n<p>        <img decoding=\"async\" src=\"\/tr\/wp-content\/uploads\/2025\/09\/logo_p3_22-640w.jpeg\" alt=\"\"><\/p>\n<h3>logo_p3_22-640w<\/h3>\n<\/li>\n<li>\n<p>        <img decoding=\"async\" src=\"\/tr\/wp-content\/uploads\/2025\/09\/logo_p3_21-640w.jpeg\" alt=\"\"><\/p>\n<h3>logo_p3_21-640w<\/h3>\n<\/li>\n<li>\n<p>        <img decoding=\"async\" src=\"\/tr\/wp-content\/uploads\/2025\/09\/logo_p3_20-640w.jpeg\" alt=\"\"><\/p>\n<h3>logo_p3_20-640w<\/h3>\n<\/li>\n<li>\n<p>        <img decoding=\"async\" src=\"\/tr\/wp-content\/uploads\/2025\/09\/logo_p3_19-640w.jpeg\" alt=\"\"><\/p>\n<h3>logo_p3_19-640w<\/h3>\n<\/li>\n<li>\n<p>        <img decoding=\"async\" src=\"\/tr\/wp-content\/uploads\/2025\/09\/logo_p3_18-640w.jpeg\" alt=\"\"><\/p>\n<h3>logo_p3_18-640w<\/h3>\n<\/li>\n<li>\n<p>        <img decoding=\"async\" src=\"\/tr\/wp-content\/uploads\/2025\/09\/logo_p3_17-640w.png\" alt=\"\"><\/p>\n<h3>logo_p3_17-640w<\/h3>\n<\/li>\n<li>\n<p>        <img decoding=\"async\" src=\"\/tr\/wp-content\/uploads\/2025\/09\/logo_p3_16-640w.jpeg\" alt=\"\"><\/p>\n<h3>logo_p3_16-640w<\/h3>\n<\/li>\n<li>\n<p>        <img decoding=\"async\" src=\"\/tr\/wp-content\/uploads\/2025\/09\/logo_p3_15-640w.jpeg\" alt=\"\"><\/p>\n<h3>logo_p3_15-640w<\/h3>\n<\/li>\n<li>\n<p>        <img decoding=\"async\" src=\"\/tr\/wp-content\/uploads\/2025\/09\/logo_p3_14-640w.jpeg\" alt=\"\"><\/p>\n<h3>logo_p3_14-640w<\/h3>\n<\/li>\n<li>\n<p>        <img decoding=\"async\" src=\"\/tr\/wp-content\/uploads\/2025\/09\/logo_p3_13-640w.jpeg\" alt=\"\"><\/p>\n<h3>logo_p3_13-640w<\/h3>\n<\/li>\n<li>\n<p>        <img decoding=\"async\" src=\"\/tr\/wp-content\/uploads\/2025\/09\/logo_p3_12-640w.jpeg\" alt=\"\"><\/p>\n<h3>logo_p3_12-640w<\/h3>\n<\/li>\n<li>\n<p>        <img decoding=\"async\" src=\"\/tr\/wp-content\/uploads\/2025\/09\/logo_p3_10-640w.jpeg\" alt=\"\"><\/p>\n<h3>logo_p3_10-640w<\/h3>\n<\/li>\n<li>\n<p>        <img decoding=\"async\" src=\"\/tr\/wp-content\/uploads\/2025\/09\/logo_p3_9-640w.jpeg\" alt=\"\"><\/p>\n<h3>logo_p3_9-640w<\/h3>\n<\/li>\n<li>\n<p>        <img decoding=\"async\" src=\"\/tr\/wp-content\/uploads\/2025\/09\/logo_p3_8-640w.jpeg\" alt=\"\"><\/p>\n<h3>logo_p3_8-640w<\/h3>\n<\/li>\n<li>\n<p>        <img decoding=\"async\" src=\"\/tr\/wp-content\/uploads\/2025\/09\/logo_p3_7-640w.jpeg\" alt=\"\"><\/p>\n<h3>logo_p3_7-640w<\/h3>\n<\/li>\n<li>\n<p>        <img decoding=\"async\" src=\"\/tr\/wp-content\/uploads\/2025\/09\/logo_p3_6-640w.jpeg\" alt=\"\"><\/p>\n<h3>logo_p3_6-640w<\/h3>\n<\/li>\n<li>\n<p>        <img decoding=\"async\" src=\"\/tr\/wp-content\/uploads\/2025\/09\/logo_p3_4-640w.jpeg\" alt=\"\"><\/p>\n<h3>logo_p3_4-640w<\/h3>\n<\/li>\n<li>\n<p>        <img decoding=\"async\" src=\"\/tr\/wp-content\/uploads\/2025\/09\/logo_p3_3-640w.jpeg\" alt=\"\"><\/p>\n<h3>logo_p3_3-640w<\/h3>\n<\/li>\n<li>\n<p>        <img decoding=\"async\" src=\"\/tr\/wp-content\/uploads\/2025\/09\/logo_p3_2-640w.jpeg\" alt=\"\"><\/p>\n<h3>logo_p3_2-640w<\/h3>\n<\/li>\n<li>\n<p>        <img decoding=\"async\" src=\"\/tr\/wp-content\/uploads\/2025\/09\/logo_p3_1-640w.jpeg\" alt=\"\"><\/p>\n<h3>logo_p3_1-640w<\/h3>\n<\/li>\n<li>\n<p>        <img decoding=\"async\" src=\"\/tr\/wp-content\/uploads\/2025\/09\/WhatsApp-Image-2025-09-27-at-21.43.13_56f8a5e2.jpg\" alt=\"\"><\/p>\n<h3>WhatsApp Image 2025-09-27 at 21.43.13_56f8a5e2<\/h3>\n<\/li>\n<li>\n<p>        <img decoding=\"async\" src=\"\/tr\/wp-content\/uploads\/2025\/09\/WhatsApp-Image-2025-09-28-at-16.06.37_dd674991.jpg\" alt=\"\"><\/p>\n<h3>WhatsApp Image 2025-09-28 at 16.06.37_dd674991<\/h3>\n<\/li>\n<li>\n<p>        <img decoding=\"async\" src=\"\/tr\/wp-content\/uploads\/2025\/09\/WhatsApp-Image-2025-09-28-at-16.06.37_c128764d.jpg\" alt=\"\"><\/p>\n<h3>WhatsApp Image 2025-09-28 at 16.06.37_c128764d<\/h3>\n<\/li>\n<li>\n<p>        <img decoding=\"async\" src=\"\/tr\/wp-content\/uploads\/2025\/09\/WhatsApp-Image-2025-09-28-at-16.06.36_11a6d32d.jpg\" alt=\"\"><\/p>\n<h3>WhatsApp Image 2025-09-28 at 16.06.36_11a6d32d<\/h3>\n<\/li>\n<li>\n<p>        <img decoding=\"async\" src=\"\/tr\/wp-content\/uploads\/2025\/09\/WhatsApp-Image-2025-09-28-at-16.06.36_8c115ed9.jpg\" alt=\"\"><\/p>\n<h3>WhatsApp Image 2025-09-28 at 16.06.36_8c115ed9<\/h3>\n<\/li>\n<li>\n<p>        <img decoding=\"async\" src=\"\/tr\/wp-content\/uploads\/2025\/09\/WhatsApp-Image-2025-09-28-at-16.06.36_7f9838f7.jpg\" alt=\"\"><\/p>\n<h3>WhatsApp Image 2025-09-28 at 16.06.36_7f9838f7<\/h3>\n<\/li>\n<li>\n<p>        <img decoding=\"async\" src=\"\/tr\/wp-content\/uploads\/2025\/09\/WhatsApp-Image-2025-09-28-at-16.06.36_5febf63a.jpg\" alt=\"\"><\/p>\n<h3>WhatsApp Image 2025-09-28 at 16.06.36_5febf63a<\/h3>\n<\/li>\n<li>\n<p>        <img decoding=\"async\" src=\"\/tr\/wp-content\/uploads\/2025\/09\/WhatsApp-Image-2025-09-27-at-21.43.14_e41ece91.jpg\" alt=\"\"><\/p>\n<h3>WhatsApp Image 2025-09-27 at 21.43.14_e41ece91<\/h3>\n<\/li>\n<li>\n<p>        <img decoding=\"async\" src=\"\/tr\/wp-content\/uploads\/2025\/09\/WhatsApp-Image-2025-09-27-at-21.43.14_da82d55c.jpg\" alt=\"\"><\/p>\n<h3>WhatsApp Image 2025-09-27 at 21.43.14_da82d55c<\/h3>\n<\/li>\n<li>\n<p>        <img decoding=\"async\" src=\"\/tr\/wp-content\/uploads\/2025\/09\/WhatsApp-Image-2025-09-27-at-21.43.14_cfc49a14.jpg\" alt=\"\"><\/p>\n<h3>WhatsApp Image 2025-09-27 at 21.43.14_cfc49a14<\/h3>\n<\/li>\n<li>\n<p>        <img decoding=\"async\" src=\"\/tr\/wp-content\/uploads\/2025\/09\/WhatsApp-Image-2025-09-27-at-21.43.14_67799046.jpg\" alt=\"\"><\/p>\n<h3>WhatsApp Image 2025-09-27 at 21.43.14_67799046<\/h3>\n<\/li>\n<li>\n<p>        <img decoding=\"async\" src=\"\/tr\/wp-content\/uploads\/2025\/09\/WhatsApp-Image-2025-09-27-at-21.43.14_93fb6289.jpg\" alt=\"\"><\/p>\n<h3>WhatsApp Image 2025-09-27 at 21.43.14_93fb6289<\/h3>\n<\/li>\n<li>\n<p>        <img decoding=\"async\" src=\"\/tr\/wp-content\/uploads\/2025\/09\/WhatsApp-Image-2025-09-27-at-21.43.14_8d062864.jpg\" alt=\"\"><\/p>\n<h3>WhatsApp Image 2025-09-27 at 21.43.14_8d062864<\/h3>\n<\/li>\n<li>\n<p>        <img decoding=\"async\" src=\"\/tr\/wp-content\/uploads\/2025\/09\/WhatsApp-Image-2025-09-27-at-21.43.14_5c9482b9.jpg\" alt=\"\"><\/p>\n<h3>WhatsApp Image 2025-09-27 at 21.43.14_5c9482b9<\/h3>\n<\/li>\n<li>\n<p>        <img decoding=\"async\" src=\"\/tr\/wp-content\/uploads\/2025\/09\/WhatsApp-Image-2025-09-27-at-21.43.14_0dee9637.jpg\" alt=\"\"><\/p>\n<h3>WhatsApp Image 2025-09-27 at 21.43.14_0dee9637<\/h3>\n<\/li>\n<li>\n<p>        <img decoding=\"async\" src=\"\/tr\/wp-content\/uploads\/2025\/09\/WhatsApp-Image-2025-09-27-at-21.43.13_9510c2c4.jpg\" alt=\"\"><\/p>\n<h3>WhatsApp Image 2025-09-27 at 21.43.13_9510c2c4<\/h3>\n<\/li>\n<li>\n<p>        <img decoding=\"async\" src=\"\/tr\/wp-content\/uploads\/2025\/09\/WhatsApp-Image-2025-09-27-at-21.43.14_6f9d480f.jpg\" alt=\"\"><\/p>\n<h3>buraq-logo<\/h3>\n<\/li>\n<\/ul>\n<div>\n<h2>Your Vision, Our Expertise<\/h2>\n<div>Partner with Paradigm Solutions for advertising and media strategies that work. Contact us today and let\u2019s build something remarkable.<\/div>\n<p><a href=\"\/tr\/contact-us\/\">Contact Us<\/a><\/p>\n<\/div>\n<p><!--more--><br \/>\n<!-- {\"type\":\"layout\",\"children\":[{\"name\":\"Clients\",\"type\":\"section\",\"props\":{\"image_position\":\"center-center\",\"style\":\"default\",\"title_breakpoint\":\"xl\",\"title_position\":\"top-left\",\"title_rotation\":\"left\",\"vertical_align\":\"\",\"width\":\"default\"},\"children\":[{\"type\":\"row\",\"props\":{\"layout\":\"1-2,1-2\",\"margin\":\"large\"},\"children\":[{\"type\":\"column\",\"props\":{\"image_position\":\"center-center\",\"position_sticky_breakpoint\":\"m\",\"width_medium\":\"1-2\"},\"children\":[{\"type\":\"headline\",\"props\":{\"animation\":\"parallax\",\"content\":\"M\\u00fc\\u015fterilerimiz ve \\u0130\\u015f Ortaklar\\u0131m\\u0131z\",\"parallax_easing\":\"1\",\"parallax_end\":\"70vh + 70%\",\"parallax_opacity\":\"0,1\",\"text_align\":\"left\",\"text_align_breakpoint\":\"m\",\"text_align_fallback\":\"center\",\"title_decoration\":\"line\",\"title_element\":\"h2\",\"title_style\":\"h1\"}}]},{\"type\":\"column\",\"props\":{\"image_position\":\"center-center\",\"position_sticky_breakpoint\":\"m\",\"width_medium\":\"1-2\"},\"children\":[{\"type\":\"text\",\"props\":{\"animation\":\"parallax\",\"column_breakpoint\":\"m\",\"content\":\"Paradigm Solutions ile reklam ve pazarlama alan\\u0131nda i\\u015f birli\\u011fi yapan markalar ve kurulu\\u015flardan bir se\\u00e7ki.\",\"margin\":\"default\",\"maxwidth\":\"large\",\"maxwidth_breakpoint\":\"m\",\"parallax_easing\":\"1\",\"parallax_end\":\"70vh + 70%\",\"parallax_opacity\":\"0,1\",\"text_align\":\"left\",\"text_align_breakpoint\":\"m\",\"text_align_fallback\":\"center\"}}]}]},{\"type\":\"row\",\"children\":[{\"type\":\"column\",\"props\":{\"image_position\":\"center-center\",\"position_sticky_breakpoint\":\"m\"},\"children\":[{\"type\":\"panel\",\"props\":{\"content_column_breakpoint\":\"m\",\"icon_width\":80,\"image\":\"wp-content\\\/uploads\\\/2025\\\/09\\\/WhatsApp-Image-2025-09-27-at-21.56.31_1dd3bce2.jpg\",\"image_align\":\"top\",\"image_grid_breakpoint\":\"m\",\"image_grid_width\":\"1-2\",\"image_svg_color\":\"emphasis\",\"image_width\":300,\"link_style\":\"default\",\"link_text\":\"Read more\",\"margin\":\"default\",\"meta_align\":\"below-title\",\"meta_element\":\"div\",\"meta_style\":\"text-meta\",\"text_align\":\"center\",\"title\":\"Stratejik \\u0130\\u015f Orta\\u011f\\u0131\",\"title_align\":\"top\",\"title_element\":\"h3\",\"title_grid_breakpoint\":\"m\",\"title_grid_width\":\"1-2\",\"title_hover_style\":\"reset\"}}]}]},{\"type\":\"row\",\"props\":{\"margin\":\"xlarge\"},\"children\":[{\"type\":\"column\",\"props\":{\"image_position\":\"center-center\",\"position_sticky_breakpoint\":\"m\",\"width_medium\":\"1-1\"},\"children\":[{\"name\":\"Clients\",\"type\":\"gallery\",\"props\":{\"animation\":\"parallax\",\"css\":\".el-image{\\n    width:130px;\\n    height:130px;\\n    object-fit:cover;\\n    border-radius:50%;\\n    border:1px solid #ddd3d3;\\n}\",\"filter_align\":\"left\",\"filter_all\":true,\"filter_grid_breakpoint\":\"m\",\"filter_grid_width\":\"auto\",\"filter_position\":\"top\",\"filter_style\":\"tab\",\"grid_column_gap\":\"large\",\"grid_default\":\"2\",\"grid_medium\":\"6\",\"grid_row_gap\":\"large\",\"grid_small\":\"3\",\"image_orientation\":true,\"item_animation\":true,\"lightbox_bg_close\":true,\"link_style\":\"default\",\"link_text\":\"\",\"margin\":\"\",\"meta_align\":\"below-title\",\"meta_element\":\"div\",\"meta_style\":\"text-meta\",\"overlay_hover\":true,\"overlay_link\":true,\"overlay_mode\":\"cover\",\"overlay_position\":\"center\",\"overlay_style\":\"\",\"overlay_transition\":\"fade\",\"parallax_easing\":\"1\",\"parallax_end\":\"70vh + 70%\",\"parallax_opacity\":\"0,1\",\"parallax_y\":\"30,0\",\"show_content\":true,\"show_hover_image\":true,\"show_hover_video\":true,\"show_link\":true,\"show_meta\":true,\"show_title\":false,\"text_align\":\"left\",\"text_color\":\"light\",\"title_element\":\"h3\",\"title_hover_style\":\"reset\"},\"children\":[{\"type\":\"gallery_item\",\"props\":{\"image\":\"wp-content\\\/uploads\\\/2025\\\/09\\\/logo_p3_5-640w.jpeg\",\"title\":\"logo_p3_5-640w\"}},{\"type\":\"gallery_item\",\"props\":{\"image\":\"wp-content\\\/uploads\\\/2025\\\/09\\\/logo_p3_22-640w.jpeg\",\"title\":\"logo_p3_22-640w\"}},{\"type\":\"gallery_item\",\"props\":{\"image\":\"wp-content\\\/uploads\\\/2025\\\/09\\\/logo_p3_21-640w.jpeg\",\"title\":\"logo_p3_21-640w\"}},{\"type\":\"gallery_item\",\"props\":{\"image\":\"wp-content\\\/uploads\\\/2025\\\/09\\\/logo_p3_20-640w.jpeg\",\"title\":\"logo_p3_20-640w\"}},{\"type\":\"gallery_item\",\"props\":{\"image\":\"wp-content\\\/uploads\\\/2025\\\/09\\\/logo_p3_19-640w.jpeg\",\"title\":\"logo_p3_19-640w\"}},{\"type\":\"gallery_item\",\"props\":{\"image\":\"wp-content\\\/uploads\\\/2025\\\/09\\\/logo_p3_18-640w.jpeg\",\"title\":\"logo_p3_18-640w\"}},{\"type\":\"gallery_item\",\"props\":{\"image\":\"wp-content\\\/uploads\\\/2025\\\/09\\\/logo_p3_17-640w.png\",\"title\":\"logo_p3_17-640w\"}},{\"type\":\"gallery_item\",\"props\":{\"image\":\"wp-content\\\/uploads\\\/2025\\\/09\\\/logo_p3_16-640w.jpeg\",\"title\":\"logo_p3_16-640w\"}},{\"type\":\"gallery_item\",\"props\":{\"image\":\"wp-content\\\/uploads\\\/2025\\\/09\\\/logo_p3_15-640w.jpeg\",\"title\":\"logo_p3_15-640w\"}},{\"type\":\"gallery_item\",\"props\":{\"image\":\"wp-content\\\/uploads\\\/2025\\\/09\\\/logo_p3_14-640w.jpeg\",\"title\":\"logo_p3_14-640w\"}},{\"type\":\"gallery_item\",\"props\":{\"image\":\"wp-content\\\/uploads\\\/2025\\\/09\\\/logo_p3_13-640w.jpeg\",\"title\":\"logo_p3_13-640w\"}},{\"type\":\"gallery_item\",\"props\":{\"image\":\"wp-content\\\/uploads\\\/2025\\\/09\\\/logo_p3_12-640w.jpeg\",\"title\":\"logo_p3_12-640w\"}},{\"type\":\"gallery_item\",\"props\":{\"image\":\"wp-content\\\/uploads\\\/2025\\\/09\\\/logo_p3_10-640w.jpeg\",\"title\":\"logo_p3_10-640w\"}},{\"type\":\"gallery_item\",\"props\":{\"image\":\"wp-content\\\/uploads\\\/2025\\\/09\\\/logo_p3_9-640w.jpeg\",\"title\":\"logo_p3_9-640w\"}},{\"type\":\"gallery_item\",\"props\":{\"image\":\"wp-content\\\/uploads\\\/2025\\\/09\\\/logo_p3_8-640w.jpeg\",\"title\":\"logo_p3_8-640w\"}},{\"type\":\"gallery_item\",\"props\":{\"image\":\"wp-content\\\/uploads\\\/2025\\\/09\\\/logo_p3_7-640w.jpeg\",\"title\":\"logo_p3_7-640w\"}},{\"type\":\"gallery_item\",\"props\":{\"image\":\"wp-content\\\/uploads\\\/2025\\\/09\\\/logo_p3_6-640w.jpeg\",\"title\":\"logo_p3_6-640w\"}},{\"type\":\"gallery_item\",\"props\":{\"image\":\"wp-content\\\/uploads\\\/2025\\\/09\\\/logo_p3_4-640w.jpeg\",\"title\":\"logo_p3_4-640w\"}},{\"type\":\"gallery_item\",\"props\":{\"image\":\"wp-content\\\/uploads\\\/2025\\\/09\\\/logo_p3_3-640w.jpeg\",\"title\":\"logo_p3_3-640w\"}},{\"type\":\"gallery_item\",\"props\":{\"image\":\"wp-content\\\/uploads\\\/2025\\\/09\\\/logo_p3_2-640w.jpeg\",\"title\":\"logo_p3_2-640w\"}},{\"type\":\"gallery_item\",\"props\":{\"image\":\"wp-content\\\/uploads\\\/2025\\\/09\\\/logo_p3_1-640w.jpeg\",\"title\":\"logo_p3_1-640w\"}},{\"type\":\"gallery_item\",\"props\":{\"image\":\"wp-content\\\/uploads\\\/2025\\\/09\\\/WhatsApp-Image-2025-09-27-at-21.43.13_56f8a5e2.jpg\",\"title\":\"WhatsApp Image 2025-09-27 at 21.43.13_56f8a5e2\"}},{\"type\":\"gallery_item\",\"props\":{\"image\":\"wp-content\\\/uploads\\\/2025\\\/09\\\/WhatsApp-Image-2025-09-28-at-16.06.37_dd674991.jpg\",\"title\":\"WhatsApp Image 2025-09-28 at 16.06.37_dd674991\"}},{\"type\":\"gallery_item\",\"props\":{\"image\":\"wp-content\\\/uploads\\\/2025\\\/09\\\/WhatsApp-Image-2025-09-28-at-16.06.37_c128764d.jpg\",\"title\":\"WhatsApp Image 2025-09-28 at 16.06.37_c128764d\"}},{\"type\":\"gallery_item\",\"props\":{\"image\":\"wp-content\\\/uploads\\\/2025\\\/09\\\/WhatsApp-Image-2025-09-28-at-16.06.36_11a6d32d.jpg\",\"title\":\"WhatsApp Image 2025-09-28 at 16.06.36_11a6d32d\"}},{\"type\":\"gallery_item\",\"props\":{\"image\":\"wp-content\\\/uploads\\\/2025\\\/09\\\/WhatsApp-Image-2025-09-28-at-16.06.36_8c115ed9.jpg\",\"title\":\"WhatsApp Image 2025-09-28 at 16.06.36_8c115ed9\"}},{\"type\":\"gallery_item\",\"props\":{\"image\":\"wp-content\\\/uploads\\\/2025\\\/09\\\/WhatsApp-Image-2025-09-28-at-16.06.36_7f9838f7.jpg\",\"title\":\"WhatsApp Image 2025-09-28 at 16.06.36_7f9838f7\"}},{\"type\":\"gallery_item\",\"props\":{\"image\":\"wp-content\\\/uploads\\\/2025\\\/09\\\/WhatsApp-Image-2025-09-28-at-16.06.36_5febf63a.jpg\",\"title\":\"WhatsApp Image 2025-09-28 at 16.06.36_5febf63a\"}},{\"type\":\"gallery_item\",\"props\":{\"image\":\"wp-content\\\/uploads\\\/2025\\\/09\\\/WhatsApp-Image-2025-09-27-at-21.43.14_e41ece91.jpg\",\"title\":\"WhatsApp Image 2025-09-27 at 21.43.14_e41ece91\"}},{\"type\":\"gallery_item\",\"props\":{\"image\":\"wp-content\\\/uploads\\\/2025\\\/09\\\/WhatsApp-Image-2025-09-27-at-21.43.14_da82d55c.jpg\",\"title\":\"WhatsApp Image 2025-09-27 at 21.43.14_da82d55c\"}},{\"type\":\"gallery_item\",\"props\":{\"image\":\"wp-content\\\/uploads\\\/2025\\\/09\\\/WhatsApp-Image-2025-09-27-at-21.43.14_cfc49a14.jpg\",\"title\":\"WhatsApp Image 2025-09-27 at 21.43.14_cfc49a14\"}},{\"type\":\"gallery_item\",\"props\":{\"image\":\"wp-content\\\/uploads\\\/2025\\\/09\\\/WhatsApp-Image-2025-09-27-at-21.43.14_67799046.jpg\",\"title\":\"WhatsApp Image 2025-09-27 at 21.43.14_67799046\"}},{\"type\":\"gallery_item\",\"props\":{\"image\":\"wp-content\\\/uploads\\\/2025\\\/09\\\/WhatsApp-Image-2025-09-27-at-21.43.14_93fb6289.jpg\",\"title\":\"WhatsApp Image 2025-09-27 at 21.43.14_93fb6289\"}},{\"type\":\"gallery_item\",\"props\":{\"image\":\"wp-content\\\/uploads\\\/2025\\\/09\\\/WhatsApp-Image-2025-09-27-at-21.43.14_8d062864.jpg\",\"title\":\"WhatsApp Image 2025-09-27 at 21.43.14_8d062864\"}},{\"type\":\"gallery_item\",\"props\":{\"image\":\"wp-content\\\/uploads\\\/2025\\\/09\\\/WhatsApp-Image-2025-09-27-at-21.43.14_5c9482b9.jpg\",\"title\":\"WhatsApp Image 2025-09-27 at 21.43.14_5c9482b9\"}},{\"type\":\"gallery_item\",\"props\":{\"image\":\"wp-content\\\/uploads\\\/2025\\\/09\\\/WhatsApp-Image-2025-09-27-at-21.43.14_0dee9637.jpg\",\"title\":\"WhatsApp Image 2025-09-27 at 21.43.14_0dee9637\"}},{\"type\":\"gallery_item\",\"props\":{\"image\":\"wp-content\\\/uploads\\\/2025\\\/09\\\/WhatsApp-Image-2025-09-27-at-21.43.13_9510c2c4.jpg\",\"title\":\"WhatsApp Image 2025-09-27 at 21.43.13_9510c2c4\"}},{\"type\":\"gallery_item\",\"props\":{\"image\":\"wp-content\\\/uploads\\\/2025\\\/09\\\/WhatsApp-Image-2025-09-27-at-21.43.14_6f9d480f.jpg\",\"title\":\"buraq-logo\"}}]}]}]}]},{\"type\":\"section\",\"props\":{\"image_position\":\"center-center\",\"preserve_color\":true,\"style\":\"primary\",\"title_breakpoint\":\"xl\",\"title_position\":\"top-left\",\"title_rotation\":\"left\",\"vertical_align\":\"middle\",\"width\":\"default\"},\"children\":[{\"type\":\"row\",\"children\":[{\"type\":\"column\",\"props\":{\"image_position\":\"center-center\",\"position_sticky_breakpoint\":\"m\"},\"children\":[{\"type\":\"panel\",\"props\":{\"content\":\"Partner with Paradigm Solutions for advertising and media strategies that work. Contact us today and let\\u2019s build something remarkable.\",\"content_column_breakpoint\":\"m\",\"icon_width\":80,\"image_align\":\"top\",\"image_grid_breakpoint\":\"m\",\"image_grid_width\":\"1-2\",\"image_svg_color\":\"emphasis\",\"link\":\"contact-us\\\/\",\"link_style\":\"secondary\",\"link_text\":\"Contact Us\",\"margin\":\"default\",\"meta_align\":\"below-title\",\"meta_element\":\"div\",\"meta_style\":\"text-meta\",\"title\":\"Your Vision, Our Expertise\",\"title_align\":\"left\",\"title_element\":\"h2\",\"title_grid_breakpoint\":\"m\",\"title_grid_width\":\"large\",\"title_hover_style\":\"reset\",\"title_style\":\"h1\"}}]}]}],\"name\":\"Contact\"}],\"version\":\"4.5.28\"} --><\/p>\n","protected":false},"excerpt":{"rendered":"<p>M\u00fc\u015fterilerimiz ve \u0130\u015f Ortaklar\u0131m\u0131z Paradigm Solutions ile reklam ve pazarlama alan\u0131nda i\u015f birli\u011fi yapan markalar ve kurulu\u015flardan bir se\u00e7ki. Stratejik \u0130\u015f Orta\u011f\u0131 logo_p3_5-640w logo_p3_22-640w logo_p3_21-640w logo_p3_20-640w logo_p3_19-640w logo_p3_18-640w logo_p3_17-640w logo_p3_16-640w logo_p3_15-640w logo_p3_14-640w logo_p3_13-640w logo_p3_12-640w logo_p3_10-640w logo_p3_9-640w logo_p3_8-640w logo_p3_7-640w logo_p3_6-640w logo_p3_4-640w logo_p3_3-640w logo_p3_2-640w logo_p3_1-640w WhatsApp Image 2025-09-27 at 21.43.13_56f8a5e2 WhatsApp Image 2025-09-28 at 16.06.37_dd674991 WhatsApp Image [&hellip;]<\/p>\n","protected":false},"author":1,"featured_media":0,"parent":0,"menu_order":0,"comment_status":"closed","ping_status":"closed","template":"","meta":{"footnotes":""},"class_list":["post-25","page","type-page","status-publish","hentry"],"_links":{"self":[{"href":"https:\/\/paradigm.ly\/tr\/wp-json\/wp\/v2\/pages\/25","targetHints":{"allow":["GET"]}}],"collection":[{"href":"https:\/\/paradigm.ly\/tr\/wp-json\/wp\/v2\/pages"}],"about":[{"href":"https:\/\/paradigm.ly\/tr\/wp-json\/wp\/v2\/types\/page"}],"author":[{"embeddable":true,"href":"https:\/\/paradigm.ly\/tr\/wp-json\/wp\/v2\/users\/1"}],"replies":[{"embeddable":true,"href":"https:\/\/paradigm.ly\/tr\/wp-json\/wp\/v2\/comments?post=25"}],"version-history":[{"count":14,"href":"https:\/\/paradigm.ly\/tr\/wp-json\/wp\/v2\/pages\/25\/revisions"}],"predecessor-version":[{"id":354,"href":"https:\/\/paradigm.ly\/tr\/wp-json\/wp\/v2\/pages\/25\/revisions\/354"}],"wp:attachment":[{"href":"https:\/\/paradigm.ly\/tr\/wp-json\/wp\/v2\/media?parent=25"}],"curies":[{"name":"wp","href":"https:\/\/api.w.org\/{rel}","templated":true}]}}