{"id":24,"date":"2025-09-23T20:15:46","date_gmt":"2025-09-23T20:15:46","guid":{"rendered":"https:\/\/paradigm.ly\/tr\/?page_id=24"},"modified":"2025-09-30T19:45:21","modified_gmt":"2025-09-30T19:45:21","slug":"who-we-are","status":"publish","type":"page","link":"https:\/\/paradigm.ly\/tr\/who-we-are\/","title":{"rendered":"Hakk\u0131m\u0131zda"},"content":{"rendered":"<div>2012\u2019den beri yarat\u0131c\u0131l\u0131\u011f\u0131 inovasyonla bulu\u015fturuyoruz<\/div>\n<h2>Paradigm Solutions Hakk\u0131nda <br \/> Yolculu\u011fumuz ve B\u00fcy\u00fcmemiz<\/p>\n<\/h2>\n<div>2012 y\u0131l\u0131nda Libya\u2019n\u0131n Trablus \u015fehrinde kurulan Paradigm Solutions, farkl\u0131 sekt\u00f6rlerde yarat\u0131c\u0131 ve medya odakl\u0131 stratejiler sunan g\u00fcvenilir bir reklam ajans\u0131 haline gelmi\u015ftir.<\/div>\n<p><img decoding=\"async\" src=\"\/tr\/wp-content\/uploads\/photo-1533069027836-fa937181a8ce-scaled.jpg\" alt=\"\"><\/p>\n<div>\u0130novasyon ve g\u00fcven ile reklamc\u0131l\u0131\u011f\u0131n gelece\u011fine \u00f6nc\u00fcl\u00fck ediyoruz<\/div>\n<h2>Vizyonumuz ve Misyonumuz<br \/>\n<\/h2>\n<div>2012\u2019den bu yana Paradigm Solutions, b\u00f6lgede en \u00f6nde gelen reklam orta\u011f\u0131 olmay\u0131 hedeflemektedir.<\/p>\n<p>Misyonumuz; markalar\u0131n g\u00f6r\u00fcn\u00fcrl\u00fc\u011f\u00fcn\u00fc art\u0131ran, g\u00fcveni peki\u015ftiren ve s\u00fcrd\u00fcr\u00fclebilir b\u00fcy\u00fcmeyi destekleyen yenilik\u00e7i stratejiler ve etkili medya \u00e7\u00f6z\u00fcmleriyle m\u00fc\u015fterilerimizi g\u00fc\u00e7lendirmektir.<\/p><\/div>\n<div>\n<h3>Yolculu\u011fumuz ve Yetkinliklerimiz<\/h3>\n<div>2012\u2019den bu yana Paradigm Solutions, markalar\u0131 y\u00fckseltmek i\u00e7in inovasyonu kan\u0131tlanm\u0131\u015f deneyimle harmanlayarak g\u00fcvenilir bir reklam orta\u011f\u0131 haline gelmi\u015ftir.<\/div>\n<\/div>\n<ul>\n<li>\n<h3>12+<\/h3>\n<p>Y\u0131ll\u0131k Deneyim<\/p>\n<div>Geleneksel ve dijital platformlarda on y\u0131l\u0131 a\u015fk\u0131n s\u00fcredir \u00f6zel reklam \u00e7\u00f6z\u00fcmleri sunuyoruz.<\/div>\n<\/li>\n<li>\n<h3>500+<\/h3>\n<p>Ba\u015far\u0131l\u0131 Proje<\/p>\n<div>\u00c7e\u015fitli sekt\u00f6rlerde m\u00fc\u015fteriler i\u00e7in yarat\u0131c\u0131 ve stratejik medya yerle\u015fimleriyle pek \u00e7ok kampanya ger\u00e7ekle\u015ftirdik.<\/div>\n<\/li>\n<\/ul>\n<div>\n<h3>Neden Paradigm Solutions ile \u0130\u015f Ortakl\u0131\u011f\u0131?<\/h3>\n<div>Paradigm Solutions, on y\u0131l\u0131 a\u015fk\u0131n reklamc\u0131l\u0131k deneyimini yenilik\u00e7i stratejiler ve derin pazar bilgisiyle birle\u015ftirerek m\u00fc\u015fteri ba\u015far\u0131s\u0131n\u0131 sa\u011flayan \u00f6zel \u00e7\u00f6z\u00fcmler sunar.<\/div>\n<\/div>\n<ul>\n<li>\n<p>        <img decoding=\"async\" src=\"\/tr\/wp-content\/uploads\/2025\/09\/WhatsApp-Image-2025-09-03-at-12.30.40_e5d5d3bd-1280w.jpg\" alt=\"\"><\/p>\n<h3>Kapsaml\u0131 Reklam Hizmetleri<\/h3>\n<\/li>\n<li>\n<p>        <img decoding=\"async\" src=\"\/tr\/wp-content\/uploads\/2025\/09\/DSC09880-1280w.jpg\" alt=\"\"><\/p>\n<h3>Yerel Pazar Uzmanl\u0131\u011f\u0131<\/h3>\n<\/li>\n<li>\n<p>        <img decoding=\"async\" src=\"\/tr\/wp-content\/uploads\/2025\/09\/WhatsApp-Image-2025-09-03-at-12.20.49-AM.jpeg\" alt=\"\"><\/p>\n<h3>Yenilik\u00e7i Medya \u00c7\u00f6z\u00fcmleri<\/h3>\n<\/li>\n<\/ul>\n<h2>Ki\u015fiselle\u015ftirilmi\u015f Kampanyalar<\/h2>\n<ul>\n<li>\n<p>        <img decoding=\"async\" src=\"\/tr\/wp-content\/uploads\/2025\/09\/WhatsApp-Image-2025-09-03-at-12.20.58-AM-1280w.jpeg\" alt=\"\"><\/p>\n<h3>WhatsApp Image 2025-09-03 at 12.20.58 AM-1280w<\/h3>\n<\/li>\n<li>\n<p>        <img decoding=\"async\" src=\"\/tr\/wp-content\/uploads\/2025\/09\/DSC09883-1920w.jpg\" alt=\"\"><\/p>\n<h3>DSC09883-1920w<\/h3>\n<\/li>\n<li>\n<p>        <img decoding=\"async\" src=\"\/tr\/wp-content\/uploads\/2025\/09\/DSC09919-1280w.jpg\" alt=\"\"><\/p>\n<h3>DSC09919-1280w<\/h3>\n<\/li>\n<\/ul>\n<p><!--more--><br \/>\n<!-- {\"type\":\"layout\",\"children\":[{\"name\":\"About\",\"type\":\"section\",\"props\":{\"image_position\":\"center-center\",\"image_size\":\"cover\",\"padding_remove_top\":false,\"style\":\"default\",\"title_breakpoint\":\"xl\",\"title_position\":\"top-left\",\"title_rotation\":\"left\",\"vertical_align\":\"\",\"width\":\"default\"},\"children\":[{\"type\":\"row\",\"props\":{\"width\":\"small\"},\"children\":[{\"type\":\"column\",\"props\":{\"image_position\":\"center-center\",\"position_sticky_breakpoint\":\"m\",\"width_medium\":\"1-1\"},\"children\":[{\"type\":\"text\",\"props\":{\"column_breakpoint\":\"m\",\"content\":\"2012\\u2019den beri yarat\\u0131c\\u0131l\\u0131\\u011f\\u0131 inovasyonla bulu\\u015fturuyoruz\",\"margin\":\"\",\"margin_remove_bottom\":false,\"margin_remove_top\":false,\"text_align\":\"center\"}},{\"type\":\"headline\",\"props\":{\"content\":\"Paradigm Solutions Hakk\\u0131nda <br\\\/> Yolculu\\u011fumuz ve B\\u00fcy\\u00fcmemiz\\n\\n\",\"text_align\":\"center\",\"title_element\":\"h2\",\"title_style\":\"heading-small\"}},{\"type\":\"divider\",\"props\":{\"block_align\":\"center\",\"divider_element\":\"div\",\"divider_style\":\"icon\",\"margin\":\"large\",\"maxwidth\":\"large\"}},{\"type\":\"text\",\"props\":{\"column_breakpoint\":\"m\",\"content\":\"2012 y\\u0131l\\u0131nda Libya\\u2019n\\u0131n Trablus \\u015fehrinde kurulan Paradigm Solutions, farkl\\u0131 sekt\\u00f6rlerde yarat\\u0131c\\u0131 ve medya odakl\\u0131 stratejiler sunan g\\u00fcvenilir bir reklam ajans\\u0131 haline gelmi\\u015ftir.\",\"dropcap\":true,\"margin\":\"\",\"text_style\":\"lead\"}},{\"type\":\"image\",\"props\":{\"image\":\"wp-content\\\/uploads\\\/photo-1533069027836-fa937181a8ce-scaled.jpg\",\"image_border\":\"rounded\",\"image_height\":700,\"image_loading\":true,\"image_svg_color\":\"emphasis\",\"image_width\":\"1200\",\"margin\":\"medium\",\"margin_remove_top\":false,\"text_align\":\"center\"}}]}]}]},{\"name\":\"About\",\"type\":\"section\",\"props\":{\"image_position\":\"center-center\",\"image_size\":\"cover\",\"padding_remove_top\":false,\"style\":\"default\",\"title_breakpoint\":\"xl\",\"title_position\":\"top-left\",\"title_rotation\":\"left\",\"vertical_align\":\"\",\"width\":\"default\"},\"children\":[{\"type\":\"row\",\"props\":{\"width\":\"small\"},\"children\":[{\"type\":\"column\",\"props\":{\"image_position\":\"center-center\",\"position_sticky_breakpoint\":\"m\",\"width_medium\":\"1-1\"},\"children\":[{\"type\":\"text\",\"props\":{\"column_breakpoint\":\"m\",\"content\":\"\\u0130novasyon ve g\\u00fcven ile reklamc\\u0131l\\u0131\\u011f\\u0131n gelece\\u011fine \\u00f6nc\\u00fcl\\u00fck ediyoruz\",\"margin\":\"\",\"margin_remove_bottom\":false,\"margin_remove_top\":false,\"text_align\":\"center\"}},{\"type\":\"headline\",\"props\":{\"content\":\"Vizyonumuz ve Misyonumuz\\n\",\"text_align\":\"center\",\"title_element\":\"h2\",\"title_style\":\"heading-small\"}},{\"type\":\"divider\",\"props\":{\"block_align\":\"center\",\"divider_element\":\"div\",\"divider_style\":\"icon\",\"margin\":\"large\",\"maxwidth\":\"large\"}},{\"type\":\"text\",\"props\":{\"column_breakpoint\":\"m\",\"content\":\"2012\\u2019den bu yana Paradigm Solutions, b\\u00f6lgede en \\u00f6nde gelen reklam orta\\u011f\\u0131 olmay\\u0131 hedeflemektedir.\\n\\nMisyonumuz; markalar\\u0131n g\\u00f6r\\u00fcn\\u00fcrl\\u00fc\\u011f\\u00fcn\\u00fc art\\u0131ran, g\\u00fcveni peki\\u015ftiren ve s\\u00fcrd\\u00fcr\\u00fclebilir b\\u00fcy\\u00fcmeyi destekleyen yenilik\\u00e7i stratejiler ve etkili medya \\u00e7\\u00f6z\\u00fcmleriyle m\\u00fc\\u015fterilerimizi g\\u00fc\\u00e7lendirmektir.\",\"dropcap\":true,\"margin\":\"\",\"text_style\":\"lead\"}}]}]}]},{\"type\":\"section\",\"props\":{\"image_position\":\"center-center\",\"style\":\"muted\",\"title_breakpoint\":\"xl\",\"title_position\":\"top-left\",\"title_rotation\":\"left\",\"vertical_align\":\"middle\",\"width\":\"default\"},\"children\":[{\"type\":\"row\",\"props\":{\"width\":\"small\"},\"children\":[{\"type\":\"column\",\"props\":{\"image_position\":\"center-center\",\"position_sticky_breakpoint\":\"m\"},\"children\":[{\"type\":\"panel\",\"props\":{\"content\":\"2012\\u2019den bu yana Paradigm Solutions, markalar\\u0131 y\\u00fckseltmek i\\u00e7in inovasyonu kan\\u0131tlanm\\u0131\\u015f deneyimle harmanlayarak g\\u00fcvenilir bir reklam orta\\u011f\\u0131 haline gelmi\\u015ftir.\",\"content_column_breakpoint\":\"m\",\"icon_width\":80,\"image_align\":\"top\",\"image_grid_breakpoint\":\"m\",\"image_grid_width\":\"1-2\",\"image_svg_color\":\"emphasis\",\"link_style\":\"default\",\"link_text\":\"Read more\",\"margin\":\"default\",\"meta_align\":\"below-title\",\"meta_element\":\"div\",\"meta_style\":\"text-meta\",\"text_align\":\"center\",\"title\":\"Yolculu\\u011fumuz ve Yetkinliklerimiz\",\"title_align\":\"top\",\"title_element\":\"h3\",\"title_grid_breakpoint\":\"m\",\"title_grid_width\":\"1-2\",\"title_hover_style\":\"reset\",\"title_style\":\"h2\"}}]}]},{\"type\":\"row\",\"children\":[{\"type\":\"column\",\"props\":{\"image_position\":\"center-center\",\"position_sticky_breakpoint\":\"m\"},\"children\":[{\"type\":\"grid\",\"props\":{\"content_column_breakpoint\":\"m\",\"filter_align\":\"left\",\"filter_all\":true,\"filter_grid_breakpoint\":\"m\",\"filter_grid_width\":\"auto\",\"filter_position\":\"top\",\"filter_style\":\"tab\",\"grid_default\":\"1\",\"grid_medium\":\"\",\"grid_small\":\"2\",\"icon_width\":80,\"image_align\":\"top\",\"image_grid_breakpoint\":\"m\",\"image_grid_width\":\"1-2\",\"image_svg_color\":\"emphasis\",\"item_animation\":true,\"lightbox_bg_close\":true,\"link_style\":\"default\",\"link_text\":\"Read more\",\"margin\":\"default\",\"meta_align\":\"below-title\",\"meta_element\":\"div\",\"meta_style\":\"h4\",\"panel_padding\":\"default\",\"panel_style\":\"card-primary\",\"show_content\":true,\"show_hover_image\":true,\"show_hover_video\":true,\"show_image\":true,\"show_link\":true,\"show_meta\":true,\"show_title\":true,\"show_video\":true,\"title_align\":\"top\",\"title_element\":\"h3\",\"title_grid_breakpoint\":\"m\",\"title_grid_width\":\"1-2\",\"title_hover_style\":\"reset\",\"title_style\":\"h1\"},\"children\":[{\"type\":\"grid_item\",\"props\":{\"content\":\"Geleneksel ve dijital platformlarda on y\\u0131l\\u0131 a\\u015fk\\u0131n s\\u00fcredir \\u00f6zel reklam \\u00e7\\u00f6z\\u00fcmleri sunuyoruz.\",\"meta\":\"Y\\u0131ll\\u0131k Deneyim\",\"title\":\"12+\"}},{\"type\":\"grid_item\",\"props\":{\"content\":\"\\u00c7e\\u015fitli sekt\\u00f6rlerde m\\u00fc\\u015fteriler i\\u00e7in yarat\\u0131c\\u0131 ve stratejik medya yerle\\u015fimleriyle pek \\u00e7ok kampanya ger\\u00e7ekle\\u015ftirdik.\",\"meta\":\"Ba\\u015far\\u0131l\\u0131 Proje\",\"title\":\"500+\"}}]}]}]}]},{\"type\":\"section\",\"props\":{\"image_position\":\"center-center\",\"style\":\"default\",\"title_breakpoint\":\"xl\",\"title_position\":\"top-left\",\"title_rotation\":\"left\",\"vertical_align\":\"middle\",\"width\":\"default\"},\"children\":[{\"type\":\"row\",\"props\":{\"width\":\"small\"},\"children\":[{\"type\":\"column\",\"props\":{\"image_position\":\"center-center\",\"position_sticky_breakpoint\":\"m\"},\"children\":[{\"type\":\"panel\",\"props\":{\"content\":\"Paradigm Solutions, on y\\u0131l\\u0131 a\\u015fk\\u0131n reklamc\\u0131l\\u0131k deneyimini yenilik\\u00e7i stratejiler ve derin pazar bilgisiyle birle\\u015ftirerek m\\u00fc\\u015fteri ba\\u015far\\u0131s\\u0131n\\u0131 sa\\u011flayan \\u00f6zel \\u00e7\\u00f6z\\u00fcmler sunar.\",\"content_column_breakpoint\":\"m\",\"icon_width\":80,\"image_align\":\"top\",\"image_grid_breakpoint\":\"m\",\"image_grid_width\":\"1-2\",\"image_svg_color\":\"emphasis\",\"link_style\":\"default\",\"link_text\":\"Read more\",\"margin\":\"default\",\"meta_align\":\"below-title\",\"meta_element\":\"div\",\"meta_style\":\"text-meta\",\"text_align\":\"center\",\"title\":\"Neden Paradigm Solutions ile \\u0130\\u015f Ortakl\\u0131\\u011f\\u0131?\",\"title_align\":\"top\",\"title_element\":\"h3\",\"title_grid_breakpoint\":\"m\",\"title_grid_width\":\"1-2\",\"title_hover_style\":\"reset\",\"title_style\":\"h2\"}}]}]},{\"type\":\"row\",\"children\":[{\"type\":\"column\",\"props\":{\"image_position\":\"center-center\",\"position_sticky_breakpoint\":\"m\"},\"children\":[{\"type\":\"grid\",\"props\":{\"content_column_breakpoint\":\"m\",\"css\":\".el-image{\\n    width:100%;\\n    height:360px;\\n    object-fit:cover;\\n}\",\"filter_align\":\"left\",\"filter_all\":true,\"filter_grid_breakpoint\":\"m\",\"filter_grid_width\":\"auto\",\"filter_position\":\"top\",\"filter_style\":\"tab\",\"grid_column_gap\":\"small\",\"grid_default\":\"1\",\"grid_medium\":\"3\",\"grid_row_gap\":\"small\",\"grid_small\":\"3\",\"icon_width\":80,\"image_align\":\"top\",\"image_grid_breakpoint\":\"m\",\"image_grid_width\":\"1-2\",\"image_svg_color\":\"emphasis\",\"item_animation\":true,\"lightbox_bg_close\":true,\"link_style\":\"default\",\"link_text\":\"Read more\",\"margin\":\"default\",\"meta_align\":\"below-title\",\"meta_element\":\"div\",\"meta_style\":\"h5\",\"panel_image_no_padding\":true,\"panel_padding\":\"default\",\"panel_style\":\"card-primary\",\"show_content\":true,\"show_hover_image\":true,\"show_hover_video\":true,\"show_image\":true,\"show_link\":true,\"show_meta\":true,\"show_title\":true,\"show_video\":true,\"text_align\":\"center\",\"title_align\":\"top\",\"title_element\":\"h3\",\"title_grid_breakpoint\":\"m\",\"title_grid_width\":\"1-2\",\"title_hover_style\":\"reset\",\"title_style\":\"h4\"},\"children\":[{\"type\":\"grid_item\",\"props\":{\"content\":\"\",\"image\":\"wp-content\\\/uploads\\\/2025\\\/09\\\/WhatsApp-Image-2025-09-03-at-12.30.40_e5d5d3bd-1280w.jpg\",\"meta\":\"\",\"title\":\"Kapsaml\\u0131 Reklam Hizmetleri\"}},{\"type\":\"grid_item\",\"props\":{\"content\":\"\",\"image\":\"wp-content\\\/uploads\\\/2025\\\/09\\\/DSC09880-1280w.jpg\",\"meta\":\"\",\"title\":\"Yerel Pazar Uzmanl\\u0131\\u011f\\u0131\"}},{\"type\":\"grid_item\",\"props\":{\"content\":\"\",\"image\":\"wp-content\\\/uploads\\\/2025\\\/09\\\/WhatsApp-Image-2025-09-03-at-12.20.49-AM.jpeg\",\"meta\":\"\",\"title\":\"Yenilik\\u00e7i Medya \\u00c7\\u00f6z\\u00fcmleri\"}}]}]}]}]},{\"type\":\"section\",\"props\":{\"image_position\":\"center-center\",\"style\":\"muted\",\"title_breakpoint\":\"xl\",\"title_position\":\"top-left\",\"title_rotation\":\"left\",\"vertical_align\":\"middle\",\"width\":\"default\"},\"children\":[{\"type\":\"row\",\"children\":[{\"type\":\"column\",\"props\":{\"image_position\":\"center-center\",\"position_sticky_breakpoint\":\"m\"},\"children\":[{\"type\":\"headline\",\"props\":{\"content\":\"Ki\\u015fiselle\\u015ftirilmi\\u015f Kampanyalar\",\"text_align\":\"center\",\"title_element\":\"h2\",\"title_style\":\"heading-small\"}}]}]},{\"type\":\"row\",\"children\":[{\"type\":\"column\",\"props\":{\"image_position\":\"center-center\",\"position_sticky_breakpoint\":\"m\"},\"children\":[{\"name\":\"Slideshow Images Slidenav Bottom Right\",\"type\":\"slideshow\",\"children\":[{\"type\":\"slideshow_item\",\"props\":{\"image\":\"wp-content\\\/uploads\\\/2025\\\/09\\\/WhatsApp-Image-2025-09-03-at-12.20.58-AM-1280w.jpeg\",\"title\":\"WhatsApp Image 2025-09-03 at 12.20.58 AM-1280w\"}},{\"type\":\"slideshow_item\",\"props\":{\"image\":\"wp-content\\\/uploads\\\/2025\\\/09\\\/DSC09883-1920w.jpg\",\"title\":\"DSC09883-1920w\"}},{\"type\":\"slideshow_item\",\"props\":{\"image\":\"wp-content\\\/uploads\\\/2025\\\/09\\\/DSC09919-1280w.jpg\",\"title\":\"DSC09919-1280w\"}}],\"props\":{\"image_width\":\"1600\",\"link_style\":\"default\",\"link_text\":\"Read more\",\"margin\":\"default\",\"meta_align\":\"below-title\",\"meta_element\":\"div\",\"meta_style\":\"text-meta\",\"nav\":\"\",\"nav_align\":\"left\",\"nav_below\":true,\"nav_breakpoint\":\"\",\"nav_margin\":\"small\",\"nav_position\":\"bottom-center\",\"nav_position_margin\":\"medium\",\"nav_vertical\":false,\"overlay_animation\":\"parallax\",\"overlay_position\":\"center-left\",\"show_content\":true,\"show_link\":true,\"show_meta\":true,\"show_thumbnail\":true,\"show_title\":false,\"slidenav\":\"bottom-right\",\"slidenav_breakpoint\":\"\",\"slidenav_hover\":false,\"slidenav_margin\":\"medium\",\"slidenav_outside_breakpoint\":\"xl\",\"slideshow_animation\":\"push\",\"slideshow_autoplay\":true,\"slideshow_autoplay_pause\":true,\"slideshow_max_height\":\"850\",\"slideshow_min_height\":\"\",\"slideshow_ratio\":\"16:10\",\"text_color\":\"light\",\"thumbnav_height\":\"60\",\"thumbnav_svg_color\":\"emphasis\",\"thumbnav_width\":\"60\",\"title_element\":\"h3\",\"title_hover_style\":\"reset\"}}]}]}]}],\"version\":\"4.5.28\"} --><\/p>\n","protected":false},"excerpt":{"rendered":"<p>2012\u2019den beri yarat\u0131c\u0131l\u0131\u011f\u0131 inovasyonla bulu\u015fturuyoruz Paradigm Solutions Hakk\u0131nda Yolculu\u011fumuz ve B\u00fcy\u00fcmemiz 2012 y\u0131l\u0131nda Libya\u2019n\u0131n Trablus \u015fehrinde kurulan Paradigm Solutions, farkl\u0131 sekt\u00f6rlerde yarat\u0131c\u0131 ve medya odakl\u0131 stratejiler sunan g\u00fcvenilir bir reklam ajans\u0131 haline gelmi\u015ftir. \u0130novasyon ve g\u00fcven ile reklamc\u0131l\u0131\u011f\u0131n gelece\u011fine \u00f6nc\u00fcl\u00fck ediyoruz Vizyonumuz ve Misyonumuz 2012\u2019den bu yana Paradigm Solutions, b\u00f6lgede en \u00f6nde gelen reklam orta\u011f\u0131 [&hellip;]<\/p>\n","protected":false},"author":1,"featured_media":0,"parent":0,"menu_order":0,"comment_status":"closed","ping_status":"closed","template":"","meta":{"footnotes":""},"class_list":["post-24","page","type-page","status-publish","hentry"],"_links":{"self":[{"href":"https:\/\/paradigm.ly\/tr\/wp-json\/wp\/v2\/pages\/24","targetHints":{"allow":["GET"]}}],"collection":[{"href":"https:\/\/paradigm.ly\/tr\/wp-json\/wp\/v2\/pages"}],"about":[{"href":"https:\/\/paradigm.ly\/tr\/wp-json\/wp\/v2\/types\/page"}],"author":[{"embeddable":true,"href":"https:\/\/paradigm.ly\/tr\/wp-json\/wp\/v2\/users\/1"}],"replies":[{"embeddable":true,"href":"https:\/\/paradigm.ly\/tr\/wp-json\/wp\/v2\/comments?post=24"}],"version-history":[{"count":19,"href":"https:\/\/paradigm.ly\/tr\/wp-json\/wp\/v2\/pages\/24\/revisions"}],"predecessor-version":[{"id":349,"href":"https:\/\/paradigm.ly\/tr\/wp-json\/wp\/v2\/pages\/24\/revisions\/349"}],"wp:attachment":[{"href":"https:\/\/paradigm.ly\/tr\/wp-json\/wp\/v2\/media?parent=24"}],"curies":[{"name":"wp","href":"https:\/\/api.w.org\/{rel}","templated":true}]}}