{"id":24,"date":"2025-09-23T20:15:46","date_gmt":"2025-09-23T20:15:46","guid":{"rendered":"https:\/\/paradigm.ly\/fr\/?page_id=24"},"modified":"2025-09-30T19:19:12","modified_gmt":"2025-09-30T19:19:12","slug":"who-we-are","status":"publish","type":"page","link":"https:\/\/paradigm.ly\/fr\/who-we-are\/","title":{"rendered":"Qui sommes-nous"},"content":{"rendered":"<div>Alliant cr\u00e9ativit\u00e9 et innovation depuis 2012<\/div>\n<h2>\u00c0 propos de Paradigm Solutions <br \/> Notre parcours et notre croissance<br \/>\n<\/h2>\n<div>Fond\u00e9e en 2012 \u00e0 Tripoli, Libye, Paradigm Solutions est devenue une agence publicitaire de confiance, offrant des strat\u00e9gies cr\u00e9atives et m\u00e9diatiques adapt\u00e9es \u00e0 divers secteurs.<\/div>\n<p><img decoding=\"async\" src=\"\/fr\/wp-content\/uploads\/photo-1533069027836-fa937181a8ce-scaled.jpg\" alt=\"\"><\/p>\n<div>Fa\u00e7onner l\u2019avenir de la publicit\u00e9 avec innovation et confiance<\/div>\n<h2>Notre vision et notre mission<br \/>\n<\/h2>\n<div>Depuis 2012, Paradigm Solutions aspire \u00e0 \u00eatre le partenaire publicitaire de r\u00e9f\u00e9rence dans la r\u00e9gion.<br \/>\nNotre mission est d\u2019accompagner nos clients gr\u00e2ce \u00e0 des strat\u00e9gies innovantes et des solutions m\u00e9diatiques percutantes qui renforcent la visibilit\u00e9 des marques, instaurent la confiance et soutiennent une croissance durable.<\/div>\n<div>\n<h3>Notre parcours et nos comp\u00e9tences<\/h3>\n<div>Depuis 2012, Paradigm Solutions s\u2019est impos\u00e9e comme un partenaire publicitaire de confiance, alliant innovation et exp\u00e9rience \u00e9prouv\u00e9e pour valoriser les marques.<\/div>\n<\/div>\n<ul>\n<li>\n<h3>12+<\/h3>\n<p>Ann\u00e9es d\u2019expertise<\/p>\n<div>Plus d\u2019une d\u00e9cennie \u00e0 fournir des solutions publicitaires sur mesure, \u00e0 travers les plateformes traditionnelles et digitales.<\/div>\n<\/li>\n<li>\n<h3>500+<\/h3>\n<p>Projets r\u00e9ussis<\/p>\n<div>Mise en \u0153uvre de campagnes vari\u00e9es pour des clients de plusieurs secteurs, combinant cr\u00e9ativit\u00e9 et strat\u00e9gie m\u00e9diatique.<\/div>\n<\/li>\n<\/ul>\n<div>\n<h3>Pourquoi collaborer avec Paradigm Solutions<\/h3>\n<div>Paradigm Solutions associe plus d\u2019une d\u00e9cennie d\u2019expertise publicitaire \u00e0 des strat\u00e9gies innovantes et une connaissance approfondie du march\u00e9 pour offrir des solutions sur mesure qui stimulent le succ\u00e8s de ses clients.<\/div>\n<\/div>\n<ul>\n<li>\n<p>        <img decoding=\"async\" src=\"\/fr\/wp-content\/uploads\/2025\/09\/WhatsApp-Image-2025-09-03-at-12.30.40_e5d5d3bd-1280w.jpg\" alt=\"\"><\/p>\n<h3>Services publicitaires complets<\/h3>\n<\/li>\n<li>\n<p>        <img decoding=\"async\" src=\"\/fr\/wp-content\/uploads\/2025\/09\/DSC09880-1280w.jpg\" alt=\"\"><\/p>\n<h3>Expertise du march\u00e9 local<\/h3>\n<\/li>\n<li>\n<p>        <img decoding=\"async\" src=\"\/fr\/wp-content\/uploads\/2025\/09\/WhatsApp-Image-2025-09-03-at-12.20.49-AM.jpeg\" alt=\"\"><\/p>\n<h3>Solutions m\u00e9diatiques innovantes<\/h3>\n<\/li>\n<\/ul>\n<h2>Campagnes personnalis\u00e9es<\/h2>\n<ul>\n<li>\n<p>        <img decoding=\"async\" src=\"\/fr\/wp-content\/uploads\/2025\/09\/WhatsApp-Image-2025-09-03-at-12.20.58-AM-1280w.jpeg\" alt=\"\"><\/p>\n<h3>WhatsApp Image 2025-09-03 at 12.20.58 AM-1280w<\/h3>\n<\/li>\n<li>\n<p>        <img decoding=\"async\" src=\"\/fr\/wp-content\/uploads\/2025\/09\/DSC09883-1920w.jpg\" alt=\"\"><\/p>\n<h3>DSC09883-1920w<\/h3>\n<\/li>\n<li>\n<p>        <img decoding=\"async\" src=\"\/fr\/wp-content\/uploads\/2025\/09\/DSC09919-1280w.jpg\" alt=\"\"><\/p>\n<h3>DSC09919-1280w<\/h3>\n<\/li>\n<\/ul>\n<p><!--more--><br \/>\n<!-- {\"type\":\"layout\",\"children\":[{\"name\":\"About\",\"type\":\"section\",\"props\":{\"image_position\":\"center-center\",\"image_size\":\"cover\",\"padding_remove_top\":false,\"style\":\"default\",\"title_breakpoint\":\"xl\",\"title_position\":\"top-left\",\"title_rotation\":\"left\",\"vertical_align\":\"\",\"width\":\"default\"},\"children\":[{\"type\":\"row\",\"props\":{\"width\":\"small\"},\"children\":[{\"type\":\"column\",\"props\":{\"image_position\":\"center-center\",\"position_sticky_breakpoint\":\"m\",\"width_medium\":\"1-1\"},\"children\":[{\"type\":\"text\",\"props\":{\"column_breakpoint\":\"m\",\"content\":\"Alliant cr\\u00e9ativit\\u00e9 et innovation depuis 2012\",\"margin\":\"\",\"margin_remove_bottom\":false,\"margin_remove_top\":false,\"text_align\":\"center\"}},{\"type\":\"headline\",\"props\":{\"content\":\"\\u00c0 propos de Paradigm Solutions <br\\\/> Notre parcours et notre croissance\\n\",\"text_align\":\"center\",\"title_element\":\"h2\",\"title_style\":\"heading-small\"}},{\"type\":\"divider\",\"props\":{\"block_align\":\"center\",\"divider_element\":\"div\",\"divider_style\":\"icon\",\"margin\":\"large\",\"maxwidth\":\"large\"}},{\"type\":\"text\",\"props\":{\"column_breakpoint\":\"m\",\"content\":\"Fond\\u00e9e en 2012 \\u00e0 Tripoli, Libye, Paradigm Solutions est devenue une agence publicitaire de confiance, offrant des strat\\u00e9gies cr\\u00e9atives et m\\u00e9diatiques adapt\\u00e9es \\u00e0 divers secteurs.\",\"dropcap\":true,\"margin\":\"\",\"text_style\":\"lead\"}},{\"type\":\"image\",\"props\":{\"image\":\"wp-content\\\/uploads\\\/photo-1533069027836-fa937181a8ce-scaled.jpg\",\"image_border\":\"rounded\",\"image_height\":700,\"image_loading\":true,\"image_svg_color\":\"emphasis\",\"image_width\":\"1200\",\"margin\":\"medium\",\"margin_remove_top\":false,\"text_align\":\"center\"}}]}]}]},{\"name\":\"About\",\"type\":\"section\",\"props\":{\"image_position\":\"center-center\",\"image_size\":\"cover\",\"padding_remove_top\":false,\"style\":\"default\",\"title_breakpoint\":\"xl\",\"title_position\":\"top-left\",\"title_rotation\":\"left\",\"vertical_align\":\"\",\"width\":\"default\"},\"children\":[{\"type\":\"row\",\"props\":{\"width\":\"small\"},\"children\":[{\"type\":\"column\",\"props\":{\"image_position\":\"center-center\",\"position_sticky_breakpoint\":\"m\",\"width_medium\":\"1-1\"},\"children\":[{\"type\":\"text\",\"props\":{\"column_breakpoint\":\"m\",\"content\":\"Fa\\u00e7onner l\\u2019avenir de la publicit\\u00e9 avec innovation et confiance\",\"margin\":\"\",\"margin_remove_bottom\":false,\"margin_remove_top\":false,\"text_align\":\"center\"}},{\"type\":\"headline\",\"props\":{\"content\":\"Notre vision et notre mission\\n\",\"text_align\":\"center\",\"title_element\":\"h2\",\"title_style\":\"heading-small\"}},{\"type\":\"divider\",\"props\":{\"block_align\":\"center\",\"divider_element\":\"div\",\"divider_style\":\"icon\",\"margin\":\"large\",\"maxwidth\":\"large\"}},{\"type\":\"text\",\"props\":{\"column_breakpoint\":\"m\",\"content\":\"Depuis 2012, Paradigm Solutions aspire \\u00e0 \\u00eatre le partenaire publicitaire de r\\u00e9f\\u00e9rence dans la r\\u00e9gion.\\nNotre mission est d\\u2019accompagner nos clients gr\\u00e2ce \\u00e0 des strat\\u00e9gies innovantes et des solutions m\\u00e9diatiques percutantes qui renforcent la visibilit\\u00e9 des marques, instaurent la confiance et soutiennent une croissance durable.\",\"dropcap\":true,\"margin\":\"\",\"text_style\":\"lead\"}}]}]}]},{\"type\":\"section\",\"props\":{\"image_position\":\"center-center\",\"style\":\"muted\",\"title_breakpoint\":\"xl\",\"title_position\":\"top-left\",\"title_rotation\":\"left\",\"vertical_align\":\"middle\",\"width\":\"default\"},\"children\":[{\"type\":\"row\",\"props\":{\"width\":\"small\"},\"children\":[{\"type\":\"column\",\"props\":{\"image_position\":\"center-center\",\"position_sticky_breakpoint\":\"m\"},\"children\":[{\"type\":\"panel\",\"props\":{\"content\":\"Depuis 2012, Paradigm Solutions s\\u2019est impos\\u00e9e comme un partenaire publicitaire de confiance, alliant innovation et exp\\u00e9rience \\u00e9prouv\\u00e9e pour valoriser les marques.\",\"content_column_breakpoint\":\"m\",\"icon_width\":80,\"image_align\":\"top\",\"image_grid_breakpoint\":\"m\",\"image_grid_width\":\"1-2\",\"image_svg_color\":\"emphasis\",\"link_style\":\"default\",\"link_text\":\"Read more\",\"margin\":\"default\",\"meta_align\":\"below-title\",\"meta_element\":\"div\",\"meta_style\":\"text-meta\",\"text_align\":\"center\",\"title\":\"Notre parcours et nos comp\\u00e9tences\",\"title_align\":\"top\",\"title_element\":\"h3\",\"title_grid_breakpoint\":\"m\",\"title_grid_width\":\"1-2\",\"title_hover_style\":\"reset\",\"title_style\":\"h2\"}}]}]},{\"type\":\"row\",\"children\":[{\"type\":\"column\",\"props\":{\"image_position\":\"center-center\",\"position_sticky_breakpoint\":\"m\"},\"children\":[{\"type\":\"grid\",\"props\":{\"content_column_breakpoint\":\"m\",\"filter_align\":\"left\",\"filter_all\":true,\"filter_grid_breakpoint\":\"m\",\"filter_grid_width\":\"auto\",\"filter_position\":\"top\",\"filter_style\":\"tab\",\"grid_default\":\"1\",\"grid_medium\":\"\",\"grid_small\":\"2\",\"icon_width\":80,\"image_align\":\"top\",\"image_grid_breakpoint\":\"m\",\"image_grid_width\":\"1-2\",\"image_svg_color\":\"emphasis\",\"item_animation\":true,\"lightbox_bg_close\":true,\"link_style\":\"default\",\"link_text\":\"Read more\",\"margin\":\"default\",\"meta_align\":\"below-title\",\"meta_element\":\"div\",\"meta_style\":\"h4\",\"panel_padding\":\"default\",\"panel_style\":\"card-primary\",\"show_content\":true,\"show_hover_image\":true,\"show_hover_video\":true,\"show_image\":true,\"show_link\":true,\"show_meta\":true,\"show_title\":true,\"show_video\":true,\"title_align\":\"top\",\"title_element\":\"h3\",\"title_grid_breakpoint\":\"m\",\"title_grid_width\":\"1-2\",\"title_hover_style\":\"reset\",\"title_style\":\"h1\"},\"children\":[{\"type\":\"grid_item\",\"props\":{\"content\":\"Plus d\\u2019une d\\u00e9cennie \\u00e0 fournir des solutions publicitaires sur mesure, \\u00e0 travers les plateformes traditionnelles et digitales.\",\"meta\":\"Ann\\u00e9es d\\u2019expertise\",\"title\":\"12+\"}},{\"type\":\"grid_item\",\"props\":{\"content\":\"Mise en \\u0153uvre de campagnes vari\\u00e9es pour des clients de plusieurs secteurs, combinant cr\\u00e9ativit\\u00e9 et strat\\u00e9gie m\\u00e9diatique.\",\"meta\":\"Projets r\\u00e9ussis\",\"title\":\"500+\"}}]}]}]}]},{\"type\":\"section\",\"props\":{\"image_position\":\"center-center\",\"style\":\"default\",\"title_breakpoint\":\"xl\",\"title_position\":\"top-left\",\"title_rotation\":\"left\",\"vertical_align\":\"middle\",\"width\":\"default\"},\"children\":[{\"type\":\"row\",\"props\":{\"width\":\"small\"},\"children\":[{\"type\":\"column\",\"props\":{\"image_position\":\"center-center\",\"position_sticky_breakpoint\":\"m\"},\"children\":[{\"type\":\"panel\",\"props\":{\"content\":\"Paradigm Solutions associe plus d\\u2019une d\\u00e9cennie d\\u2019expertise publicitaire \\u00e0 des strat\\u00e9gies innovantes et une connaissance approfondie du march\\u00e9 pour offrir des solutions sur mesure qui stimulent le succ\\u00e8s de ses clients.\",\"content_column_breakpoint\":\"m\",\"icon_width\":80,\"image_align\":\"top\",\"image_grid_breakpoint\":\"m\",\"image_grid_width\":\"1-2\",\"image_svg_color\":\"emphasis\",\"link_style\":\"default\",\"link_text\":\"Read more\",\"margin\":\"default\",\"meta_align\":\"below-title\",\"meta_element\":\"div\",\"meta_style\":\"text-meta\",\"text_align\":\"center\",\"title\":\"Pourquoi collaborer avec Paradigm Solutions\",\"title_align\":\"top\",\"title_element\":\"h3\",\"title_grid_breakpoint\":\"m\",\"title_grid_width\":\"1-2\",\"title_hover_style\":\"reset\",\"title_style\":\"h2\"}}]}]},{\"type\":\"row\",\"children\":[{\"type\":\"column\",\"props\":{\"image_position\":\"center-center\",\"position_sticky_breakpoint\":\"m\"},\"children\":[{\"type\":\"grid\",\"props\":{\"content_column_breakpoint\":\"m\",\"css\":\".el-image{\\n    width:100%;\\n    height:360px;\\n    object-fit:cover;\\n}\",\"filter_align\":\"left\",\"filter_all\":true,\"filter_grid_breakpoint\":\"m\",\"filter_grid_width\":\"auto\",\"filter_position\":\"top\",\"filter_style\":\"tab\",\"grid_column_gap\":\"small\",\"grid_default\":\"1\",\"grid_medium\":\"3\",\"grid_row_gap\":\"small\",\"grid_small\":\"3\",\"icon_width\":80,\"image_align\":\"top\",\"image_grid_breakpoint\":\"m\",\"image_grid_width\":\"1-2\",\"image_svg_color\":\"emphasis\",\"item_animation\":true,\"lightbox_bg_close\":true,\"link_style\":\"default\",\"link_text\":\"Read more\",\"margin\":\"default\",\"meta_align\":\"below-title\",\"meta_element\":\"div\",\"meta_style\":\"h5\",\"panel_image_no_padding\":true,\"panel_padding\":\"default\",\"panel_style\":\"card-primary\",\"show_content\":true,\"show_hover_image\":true,\"show_hover_video\":true,\"show_image\":true,\"show_link\":true,\"show_meta\":true,\"show_title\":true,\"show_video\":true,\"text_align\":\"center\",\"title_align\":\"top\",\"title_element\":\"h3\",\"title_grid_breakpoint\":\"m\",\"title_grid_width\":\"1-2\",\"title_hover_style\":\"reset\",\"title_style\":\"h4\"},\"children\":[{\"type\":\"grid_item\",\"props\":{\"content\":\"\",\"image\":\"wp-content\\\/uploads\\\/2025\\\/09\\\/WhatsApp-Image-2025-09-03-at-12.30.40_e5d5d3bd-1280w.jpg\",\"meta\":\"\",\"title\":\"Services publicitaires complets\"}},{\"type\":\"grid_item\",\"props\":{\"content\":\"\",\"image\":\"wp-content\\\/uploads\\\/2025\\\/09\\\/DSC09880-1280w.jpg\",\"meta\":\"\",\"title\":\"Expertise du march\\u00e9 local\"}},{\"type\":\"grid_item\",\"props\":{\"content\":\"\",\"image\":\"wp-content\\\/uploads\\\/2025\\\/09\\\/WhatsApp-Image-2025-09-03-at-12.20.49-AM.jpeg\",\"meta\":\"\",\"title\":\"Solutions m\\u00e9diatiques innovantes\"}}]}]}]}]},{\"type\":\"section\",\"props\":{\"image_position\":\"center-center\",\"style\":\"muted\",\"title_breakpoint\":\"xl\",\"title_position\":\"top-left\",\"title_rotation\":\"left\",\"vertical_align\":\"middle\",\"width\":\"default\"},\"children\":[{\"type\":\"row\",\"children\":[{\"type\":\"column\",\"props\":{\"image_position\":\"center-center\",\"position_sticky_breakpoint\":\"m\"},\"children\":[{\"type\":\"headline\",\"props\":{\"content\":\"Campagnes personnalis\\u00e9es\",\"text_align\":\"center\",\"title_element\":\"h2\",\"title_style\":\"heading-small\"}}]}]},{\"type\":\"row\",\"children\":[{\"type\":\"column\",\"props\":{\"image_position\":\"center-center\",\"position_sticky_breakpoint\":\"m\"},\"children\":[{\"name\":\"Slideshow Images Slidenav Bottom Right\",\"type\":\"slideshow\",\"children\":[{\"type\":\"slideshow_item\",\"props\":{\"image\":\"wp-content\\\/uploads\\\/2025\\\/09\\\/WhatsApp-Image-2025-09-03-at-12.20.58-AM-1280w.jpeg\",\"title\":\"WhatsApp Image 2025-09-03 at 12.20.58 AM-1280w\"}},{\"type\":\"slideshow_item\",\"props\":{\"image\":\"wp-content\\\/uploads\\\/2025\\\/09\\\/DSC09883-1920w.jpg\",\"title\":\"DSC09883-1920w\"}},{\"type\":\"slideshow_item\",\"props\":{\"image\":\"wp-content\\\/uploads\\\/2025\\\/09\\\/DSC09919-1280w.jpg\",\"title\":\"DSC09919-1280w\"}}],\"props\":{\"image_width\":\"1600\",\"link_style\":\"default\",\"link_text\":\"Read more\",\"margin\":\"default\",\"meta_align\":\"below-title\",\"meta_element\":\"div\",\"meta_style\":\"text-meta\",\"nav\":\"\",\"nav_align\":\"left\",\"nav_below\":true,\"nav_breakpoint\":\"\",\"nav_margin\":\"small\",\"nav_position\":\"bottom-center\",\"nav_position_margin\":\"medium\",\"nav_vertical\":false,\"overlay_animation\":\"parallax\",\"overlay_position\":\"center-left\",\"show_content\":true,\"show_link\":true,\"show_meta\":true,\"show_thumbnail\":true,\"show_title\":false,\"slidenav\":\"bottom-right\",\"slidenav_breakpoint\":\"\",\"slidenav_hover\":false,\"slidenav_margin\":\"medium\",\"slidenav_outside_breakpoint\":\"xl\",\"slideshow_animation\":\"push\",\"slideshow_autoplay\":true,\"slideshow_autoplay_pause\":true,\"slideshow_max_height\":\"850\",\"slideshow_min_height\":\"\",\"slideshow_ratio\":\"16:10\",\"text_color\":\"light\",\"thumbnav_height\":\"60\",\"thumbnav_svg_color\":\"emphasis\",\"thumbnav_width\":\"60\",\"title_element\":\"h3\",\"title_hover_style\":\"reset\"}}]}]}]}],\"version\":\"4.5.28\"} --><\/p>\n","protected":false},"excerpt":{"rendered":"<p>Alliant cr\u00e9ativit\u00e9 et innovation depuis 2012 \u00c0 propos de Paradigm Solutions Notre parcours et notre croissance Fond\u00e9e en 2012 \u00e0 Tripoli, Libye, Paradigm Solutions est devenue une agence publicitaire de confiance, offrant des strat\u00e9gies cr\u00e9atives et m\u00e9diatiques adapt\u00e9es \u00e0 divers secteurs. Fa\u00e7onner l\u2019avenir de la publicit\u00e9 avec innovation et confiance Notre vision et notre mission [&hellip;]<\/p>\n","protected":false},"author":1,"featured_media":0,"parent":0,"menu_order":0,"comment_status":"closed","ping_status":"closed","template":"","meta":{"footnotes":""},"class_list":["post-24","page","type-page","status-publish","hentry"],"_links":{"self":[{"href":"https:\/\/paradigm.ly\/fr\/wp-json\/wp\/v2\/pages\/24","targetHints":{"allow":["GET"]}}],"collection":[{"href":"https:\/\/paradigm.ly\/fr\/wp-json\/wp\/v2\/pages"}],"about":[{"href":"https:\/\/paradigm.ly\/fr\/wp-json\/wp\/v2\/types\/page"}],"author":[{"embeddable":true,"href":"https:\/\/paradigm.ly\/fr\/wp-json\/wp\/v2\/users\/1"}],"replies":[{"embeddable":true,"href":"https:\/\/paradigm.ly\/fr\/wp-json\/wp\/v2\/comments?post=24"}],"version-history":[{"count":19,"href":"https:\/\/paradigm.ly\/fr\/wp-json\/wp\/v2\/pages\/24\/revisions"}],"predecessor-version":[{"id":352,"href":"https:\/\/paradigm.ly\/fr\/wp-json\/wp\/v2\/pages\/24\/revisions\/352"}],"wp:attachment":[{"href":"https:\/\/paradigm.ly\/fr\/wp-json\/wp\/v2\/media?parent=24"}],"curies":[{"name":"wp","href":"https:\/\/api.w.org\/{rel}","templated":true}]}}